{"id":11,"date":"2013-06-07T20:23:03","date_gmt":"2013-06-07T20:23:03","guid":{"rendered":"http:\/\/www.soluciomatica.com.br\/blog\/?page_id=11"},"modified":"2025-10-09T13:07:31","modified_gmt":"2025-10-09T16:07:31","slug":"contatos","status":"publish","type":"page","link":"https:\/\/www.soluciomatica.com.br\/blog\/contatos\/","title":{"rendered":"Contatos"},"content":{"rendered":"<h3><strong>Nosso Site<\/strong>: <a title=\"Visite nosso site\" href=\"http:\/\/www.soluciomatica.com.br\">www.soluciomatica.com.br<\/a><\/h3>\n<h3><strong><span style=\"color: red;\">Unidade Centro<\/span><\/strong><\/h3>\n<h4>Avenida Rio Branco, 156 &#8211; T\u00e9rreo &#8211; Loja 02 Subsolo &#8211; Lojas 123<br \/>\nCentro &#8211; Rio de Janeiro (Ed. Avenida Central)<br \/>\nTels: (21) 2531-1508 \/ 2210-2703 \/ 3527-4302 \/3527-4300<br \/>\n<span style=\"color: #008000;\"><strong>&gt;WhatsApp (21) 96015-4529<\/strong>\u00a0<strong><em>Loja 002<\/em><\/strong><\/span><br \/>\n<span style=\"color: #008000;\">&gt;<strong>WhatsApp (21) 96545-9709\u00a0<em>Loja 123<\/em><\/strong><\/span><\/h4>\n<p>Hor\u00e1rio de Funcionamento:<br \/>\nDe Seg a Sexta das 08:00 \u00e0s 19:00 hs.<br \/>\nS\u00e1bados: das 09:00 \u00e0s 13:00 hs.<\/p>\n<p>Email: <a title=\"Envie-nos um email\" href=\"mailto:contato@soluciomatica.com.br\">contato@soluciomatica.com.br<\/a><\/p>\n<p><iframe loading=\"lazy\" src=\"http:\/\/maps.google.com.br\/maps?f=q&amp;source=s_q&amp;hl=pt-BR&amp;geocode=&amp;q=Avenida+Rio+Branco,+156,+Rio+de+Janeiro&amp;aq=0&amp;oq=Avenida+Rio+Branco,+156+Rio+de+Janeiro&amp;sll=-22.904985,-43.177706&amp;sspn=0.031862,0.055747&amp;ie=UTF8&amp;hq=&amp;hnear=Av.+Rio+Branco,+156+-+Centro,+Rio+de+Janeiro,+20040-003&amp;t=m&amp;z=14&amp;ll=-22.906987,-43.176953&amp;output=embed\" width=\"425\" height=\"350\" frameborder=\"0\" marginwidth=\"0\" marginheight=\"0\" scrolling=\"no\"><\/iframe><br \/>\n<small><a style=\"color: #0000ff; text-align: left;\" href=\"http:\/\/maps.google.com.br\/maps?f=q&amp;source=embed&amp;hl=pt-BR&amp;geocode=&amp;q=Avenida+Rio+Branco,+156,+Rio+de+Janeiro&amp;aq=0&amp;oq=Avenida+Rio+Branco,+156+Rio+de+Janeiro&amp;sll=-22.904985,-43.177706&amp;sspn=0.031862,0.055747&amp;ie=UTF8&amp;hq=&amp;hnear=Av.+Rio+Branco,+156+-+Centro,+Rio+de+Janeiro,+20040-003&amp;t=m&amp;z=14&amp;ll=-22.906987,-43.176953\">Exibir mapa ampliado<\/a><\/small><\/p>\n<h3><strong><span style=\"color: red;\">Unidade Barra da Tijuca<\/span><\/strong><\/h3>\n<h4>Avenida das Am\u00e9ricas, 6700 &#8211; Bloco 1 &#8211; Loja 117<br \/>\nBarra da Tijuca &#8211; Rio de Janeiro<br \/>\nTels(21) 3326-2297 \/ 3041-4224<br \/>\n<span style=\"color: #008000;\"><strong>&gt;WhatsApp (21) 97176-2345<\/strong><\/span><\/h4>\n<p><span style=\"font-size: 1em;\">Hor\u00e1rio de Funcionamento:<br \/>\n<\/span>De Seg a Sexta das 09:00 \u00e0s 19:00 hs.<br \/>\n<em id=\"__mceDel\" style=\"font-size: 1em;\"><em id=\"__mceDel\"><em id=\"__mceDel\">S\u00e1bados: das 09:00 \u00e0s 14:00 hs.<\/em><\/em><\/em><\/p>\n<h4>Email: <a title=\"Envie-nos um email\" href=\"mailto:contato@soluciomatica.com.br\">contato@soluciomatica.com.br<\/a><\/h4>\n<p><iframe loading=\"lazy\" src=\"http:\/\/maps.google.com.br\/maps?f=q&amp;source=s_q&amp;hl=pt-BR&amp;geocode=&amp;q=Avenida+das+Am%C3%A9ricas,+6700,+Rio+de+Janeiro&amp;aq=0&amp;oq=Avenida+das+Am%C3%A9ricas,+6700&amp;sll=-22.906987,-43.176953&amp;sspn=0.007965,0.013937&amp;ie=UTF8&amp;hq=&amp;hnear=Av.+das+Am%C3%A9ricas,+6700+-+Barra+da+Tijuca,+Rio+de+Janeiro,+22793-081&amp;t=m&amp;z=14&amp;ll=-22.999998,-43.379373&amp;output=embed\" width=\"425\" height=\"350\" frameborder=\"0\" marginwidth=\"0\" marginheight=\"0\" scrolling=\"no\"><\/iframe><br \/>\n<small><a style=\"color: #0000ff; text-align: left;\" href=\"http:\/\/maps.google.com.br\/maps?f=q&amp;source=embed&amp;hl=pt-BR&amp;geocode=&amp;q=Avenida+das+Am%C3%A9ricas,+6700,+Rio+de+Janeiro&amp;aq=0&amp;oq=Avenida+das+Am%C3%A9ricas,+6700&amp;sll=-22.906987,-43.176953&amp;sspn=0.007965,0.013937&amp;ie=UTF8&amp;hq=&amp;hnear=Av.+das+Am%C3%A9ricas,+6700+-+Barra+da+Tijuca,+Rio+de+Janeiro,+22793-081&amp;t=m&amp;z=14&amp;ll=-22.999998,-43.379373\">Exibir mapa ampliado<\/a><\/small><\/p>\n\n<div class=\"wpcf7 no-js\" id=\"wpcf7-f9-o1\" lang=\"en-US\" dir=\"ltr\" data-wpcf7-id=\"9\">\n<div class=\"screen-reader-response\"><p role=\"status\" aria-live=\"polite\" aria-atomic=\"true\"><\/p> <ul><\/ul><\/div>\n<form action=\"\/blog\/wp-json\/wp\/v2\/pages\/11#wpcf7-f9-o1\" method=\"post\" class=\"wpcf7-form init\" aria-label=\"Contact form\" novalidate=\"novalidate\" data-status=\"init\">\n<fieldset class=\"hidden-fields-container\"><input type=\"hidden\" name=\"_wpcf7\" value=\"9\" \/><input type=\"hidden\" name=\"_wpcf7_version\" value=\"6.1\" \/><input type=\"hidden\" name=\"_wpcf7_locale\" value=\"en_US\" \/><input type=\"hidden\" name=\"_wpcf7_unit_tag\" value=\"wpcf7-f9-o1\" \/><input type=\"hidden\" name=\"_wpcf7_container_post\" value=\"0\" \/><input type=\"hidden\" name=\"_wpcf7_posted_data_hash\" value=\"\" \/>\n<\/fieldset>\n<p>O seu nome (obrigat\u00f3rio)\n<\/p>\n<p><span class=\"wpcf7-form-control-wrap\" data-name=\"your-name\"><input size=\"40\" maxlength=\"400\" class=\"wpcf7-form-control wpcf7-text wpcf7-validates-as-required\" aria-required=\"true\" aria-invalid=\"false\" value=\"\" type=\"text\" name=\"your-name\" \/><\/span>\n<\/p>\n<p>O seu e-mail (obrigat\u00f3rio)\n<\/p>\n<p><span class=\"wpcf7-form-control-wrap\" data-name=\"your-email\"><input size=\"40\" maxlength=\"400\" class=\"wpcf7-form-control wpcf7-email wpcf7-validates-as-required wpcf7-text wpcf7-validates-as-email\" aria-required=\"true\" aria-invalid=\"false\" value=\"\" type=\"email\" name=\"your-email\" \/><\/span>\n<\/p>\n<p>Assunto\n<\/p>\n<p><span class=\"wpcf7-form-control-wrap\" data-name=\"your-subject\"><input size=\"40\" maxlength=\"400\" class=\"wpcf7-form-control wpcf7-text\" aria-invalid=\"false\" value=\"\" type=\"text\" name=\"your-subject\" \/><\/span>\n<\/p>\n<p>A sua mensagem\n<\/p>\n<p><span class=\"wpcf7-form-control-wrap\" data-name=\"your-message\"><textarea cols=\"40\" rows=\"10\" maxlength=\"2000\" class=\"wpcf7-form-control wpcf7-textarea\" aria-invalid=\"false\" name=\"your-message\"><\/textarea><\/span>\n<\/p>\n<div>\n\t<p><input type=\"hidden\" name=\"contact_form_7_recaptcha\" value=\"g-recaptcha-jSYvvqdmQ8FQYQm\" class=\"g-recaptcha-explicit-id\"><div id=\"g-recaptcha-jSYvvqdmQ8FQYQm\"><\/div><span class=\"wpcf7-form-control-wrap g-recaptcha-explicit\" data-sitekey=\"6Le7bFYUAAAAAMxzdlXJ68BpUVcEq6XlAlMlUeFF\"><\/span>\n\t<\/p>\n<\/div>\n<p><input class=\"wpcf7-form-control wpcf7-submit has-spinner\" type=\"submit\" value=\"Enviar\" \/>\n<\/p><p style=\"display: none !important;\" class=\"akismet-fields-container\" data-prefix=\"_wpcf7_ak_\"><label>&#916;<textarea name=\"_wpcf7_ak_hp_textarea\" cols=\"45\" rows=\"8\" maxlength=\"100\"><\/textarea><\/label><input type=\"hidden\" id=\"ak_js_1\" name=\"_wpcf7_ak_js\" value=\"239\"\/><script type=\"text\/javascript\">\n\/* <![CDATA[ *\/\ndocument.getElementById( \"ak_js_1\" ).setAttribute( \"value\", ( new Date() ).getTime() );\n\/* ]]> *\/\n<\/script>\n<\/p><div class=\"wpcf7-response-output\" aria-hidden=\"true\"><\/div>\n<\/form>\n<\/div>\n\n","protected":false},"excerpt":{"rendered":"<p>Nosso Site: www.soluciomatica.com.br Unidade Centro Avenida Rio Branco, 156 &#8211; T\u00e9rreo &#8211; Loja 02 Subsolo &#8211; Lojas 123 Centro &#8211; Rio de Janeiro (Ed. Avenida Central) Tels: (21) 2531-1508 \/ 2210-2703 \/ 3527-4302 \/3527-4300 &gt;WhatsApp (21) 96015-4529\u00a0Loja 002 &gt;WhatsApp (21) 96545-9709\u00a0Loja 123 Hor\u00e1rio de Funcionamento: De Seg a Sexta das 08:00 \u00e0s 19:00 hs. S\u00e1bados: &hellip;<\/p>\n","protected":false},"author":1,"featured_media":0,"parent":0,"menu_order":0,"comment_status":"open","ping_status":"open","template":"","meta":{"footnotes":""},"class_list":["post-11","page","type-page","status-publish",""],"_links":{"self":[{"href":"https:\/\/www.soluciomatica.com.br\/blog\/wp-json\/wp\/v2\/pages\/11","targetHints":{"allow":["GET"]}}],"collection":[{"href":"https:\/\/www.soluciomatica.com.br\/blog\/wp-json\/wp\/v2\/pages"}],"about":[{"href":"https:\/\/www.soluciomatica.com.br\/blog\/wp-json\/wp\/v2\/types\/page"}],"author":[{"embeddable":true,"href":"https:\/\/www.soluciomatica.com.br\/blog\/wp-json\/wp\/v2\/users\/1"}],"replies":[{"embeddable":true,"href":"https:\/\/www.soluciomatica.com.br\/blog\/wp-json\/wp\/v2\/comments?post=11"}],"version-history":[{"count":26,"href":"https:\/\/www.soluciomatica.com.br\/blog\/wp-json\/wp\/v2\/pages\/11\/revisions"}],"predecessor-version":[{"id":7310,"href":"https:\/\/www.soluciomatica.com.br\/blog\/wp-json\/wp\/v2\/pages\/11\/revisions\/7310"}],"wp:attachment":[{"href":"https:\/\/www.soluciomatica.com.br\/blog\/wp-json\/wp\/v2\/media?parent=11"}],"curies":[{"name":"wp","href":"https:\/\/api.w.org\/{rel}","templated":true}]}}